{"id":1983,"date":"2026-03-05T17:23:13","date_gmt":"2026-03-05T16:23:13","guid":{"rendered":"https:\/\/staging.mvivendi.com\/?page_id=1983"},"modified":"2026-03-06T10:59:36","modified_gmt":"2026-03-06T09:59:36","slug":"nos-honoraires","status":"publish","type":"page","link":"https:\/\/staging.mvivendi.com\/fr\/nos-honoraires\/","title":{"rendered":"Nos honoraires"},"content":{"rendered":"\t\t<div data-elementor-type=\"wp-page\" data-elementor-id=\"1983\" class=\"elementor elementor-1983\" data-elementor-post-type=\"page\">\n\t\t\t\t<div class=\"elementor-element elementor-element-b1c031d e-con-full e-flex e-con e-parent\" data-id=\"b1c031d\" data-element_type=\"container\" data-e-type=\"container\">\n\t\t<div class=\"jet-sticky-column elementor-element elementor-element-302fbac e-con-full e-flex e-con e-child\" data-jet-settings=\"{&quot;id&quot;:&quot;302fbac&quot;,&quot;sticky&quot;:true,&quot;topSpacing&quot;:&quot;&quot;,&quot;bottomSpacing&quot;:&quot;&quot;,&quot;stickyOn&quot;:[&quot;desktop&quot;],&quot;behavior&quot;:&quot;default&quot;,&quot;zIndex&quot;:0}\" data-id=\"302fbac\" data-element_type=\"container\" data-e-type=\"container\" data-settings=\"{&quot;background_background&quot;:&quot;classic&quot;}\">\n\t\t\t\t<div class=\"elementor-element elementor-element-29d34d9 elementor-widget elementor-widget-image\" data-id=\"29d34d9\" data-element_type=\"widget\" data-e-type=\"widget\" data-widget_type=\"image.default\">\n\t\t\t\t\t\t\t\t\t\t\t\t\t\t\t<img fetchpriority=\"high\" decoding=\"async\" width=\"900\" height=\"1200\" src=\"https:\/\/staging.mvivendi.com\/wp-content\/uploads\/2026\/03\/dxdweueufka.jpg\" class=\"attachment-full size-full wp-image-1998\" alt=\"a living room filled with lots of furniture and decor\" srcset=\"https:\/\/staging.mvivendi.com\/wp-content\/uploads\/2026\/03\/dxdweueufka.jpg 900w, https:\/\/staging.mvivendi.com\/wp-content\/uploads\/2026\/03\/dxdweueufka-720x960.jpg 720w, https:\/\/staging.mvivendi.com\/wp-content\/uploads\/2026\/03\/dxdweueufka-300x400.jpg 300w, https:\/\/staging.mvivendi.com\/wp-content\/uploads\/2026\/03\/dxdweueufka-768x1024.jpg 768w, https:\/\/staging.mvivendi.com\/wp-content\/uploads\/2026\/03\/dxdweueufka-9x12.jpg 9w\" sizes=\"(max-width: 900px) 100vw, 900px\" \/>\t\t\t\t\t\t\t\t\t\t\t\t\t\t\t<\/div>\n\t\t\t\t<\/div>\n\t\t<div class=\"elementor-element elementor-element-c344dc0 e-con-full e-flex e-con e-child\" data-id=\"c344dc0\" data-element_type=\"container\" data-e-type=\"container\" data-settings=\"{&quot;background_background&quot;:&quot;classic&quot;}\">\n\t\t\t\t<div class=\"elementor-element elementor-element-e7f5bea elementor-view-default elementor-widget elementor-widget-icon\" data-id=\"e7f5bea\" data-element_type=\"widget\" data-e-type=\"widget\" data-widget_type=\"icon.default\">\n\t\t\t\t\t\t\t<div class=\"elementor-icon-wrapper\">\n\t\t\t<div class=\"elementor-icon\">\n\t\t\t<svg xmlns=\"http:\/\/www.w3.org\/2000\/svg\" viewBox=\"0 0 22.7 45.7\"><defs><style>      .cls-1 {        fill-rule: evenodd;      }    <\/style><\/defs><g><g id=\"Calque_1\"><path class=\"cls-1\" d=\"M22.7,22.6c0,0-.1-.2-.2-.2l-4.4-2.6c-.3-.2-.8,0-.8.4h0v2.1s-5.2,0-5.2,0c6.1-5.1,1.9-14.3-5.7-12.7C2.3,9.2-1.7,2.3,3.4,1c1.8-.2,2.6,3.2.5,2.5h0c-.3-.3-.2-.9-.8-.8-1.2.5.3,2.2,1.2,2,2.2-.1,2.3-3.2.6-4.2C2.8-1,0,1.1,0,3.5c-.2,2.8,2,5.6,4.8,6.8-3.2,1.7-3.4,7.2.2,8.5,2.5,1,5.4-1.9,3.4-4.2-.4-.5-1.2.2-.8.7,1.9,4.1-5.1,3.4-4.2-1.2,2.9-8.8,16.9.2,7.2,8.3h-5.7c-.5-2.1-3.9-1.7-3.8.5,0,2.2,3.3,2.6,3.8.5h5.7c9.7,8.1-4.3,17.1-7.2,8.3-.9-4.6,6.1-5.3,4.2-1.2-.4.5.4,1.2.8.7,2-2.3-.9-5.2-3.4-4.2-3.6,1.3-3.4,6.8-.2,8.5-3.4,1.3-5.9,5.1-4.4,8.4.8,1.6,3,2.5,4.5,1.4,1.7-1,1.6-4.1-.6-4.2-.9-.2-2.4,1.5-1.2,2,.6,0,.5-.6.8-.8h0c2-.7,1.3,2.7-.5,2.5-5.1-1.3-1.1-8.2,3-8.7,7.6,1.6,11.8-7.6,5.7-12.7,0,0,5.2,0,5.2,0v2.1h0c0,.4.4.6.8.4,0,0,4.4-2.6,4.4-2.6.2,0,.4-.5.2-.7ZM3.8,23.5c-.8.9-2.2-.5-1.3-1.3.8-.9,2.2.5,1.3,1.3ZM18.3,24.5v-3.4l2.9,1.7-2.9,1.7Z\"><\/path><\/g><\/g><\/svg>\t\t\t<\/div>\n\t\t<\/div>\n\t\t\t\t\t\t<\/div>\n\t\t\t\t<div class=\"elementor-element elementor-element-bf0e704 elementor-widget elementor-widget-heading\" data-id=\"bf0e704\" data-element_type=\"widget\" data-e-type=\"widget\" data-widget_type=\"heading.default\">\n\t\t\t\t\t<h1 class=\"elementor-heading-title elementor-size-default\">Nos honoraires<\/h1>\t\t\t\t<\/div>\n\t\t\t\t<div class=\"elementor-element elementor-element-58f5210 elementor-widget elementor-widget-text-editor\" data-id=\"58f5210\" data-element_type=\"widget\" data-e-type=\"widget\" data-widget_type=\"text-editor.default\">\n\t\t\t\t\t\t\t\t\t<p>Carte professionnelle n\u00b0\u202fCPI 0000 0000 000 000 000<br \/>d\u00e9livr\u00e9e par la CCI de Nice C\u00f4te d\u2019Azur<\/p>\t\t\t\t\t\t\t\t<\/div>\n\t\t\t\t<div class=\"elementor-element elementor-element-6bf4a7d elementor-view-default elementor-widget elementor-widget-icon\" data-id=\"6bf4a7d\" data-element_type=\"widget\" data-e-type=\"widget\" data-widget_type=\"icon.default\">\n\t\t\t\t\t\t\t<div class=\"elementor-icon-wrapper\">\n\t\t\t<div class=\"elementor-icon\">\n\t\t\t<svg xmlns=\"http:\/\/www.w3.org\/2000\/svg\" viewBox=\"0 0 22.7 45.7\"><defs><style>      .cls-1 {        fill-rule: evenodd;      }    <\/style><\/defs><g><g id=\"Calque_1\"><path class=\"cls-1\" d=\"M22.7,22.6c0,0-.1-.2-.2-.2l-4.4-2.6c-.3-.2-.8,0-.8.4h0v2.1s-5.2,0-5.2,0c6.1-5.1,1.9-14.3-5.7-12.7C2.3,9.2-1.7,2.3,3.4,1c1.8-.2,2.6,3.2.5,2.5h0c-.3-.3-.2-.9-.8-.8-1.2.5.3,2.2,1.2,2,2.2-.1,2.3-3.2.6-4.2C2.8-1,0,1.1,0,3.5c-.2,2.8,2,5.6,4.8,6.8-3.2,1.7-3.4,7.2.2,8.5,2.5,1,5.4-1.9,3.4-4.2-.4-.5-1.2.2-.8.7,1.9,4.1-5.1,3.4-4.2-1.2,2.9-8.8,16.9.2,7.2,8.3h-5.7c-.5-2.1-3.9-1.7-3.8.5,0,2.2,3.3,2.6,3.8.5h5.7c9.7,8.1-4.3,17.1-7.2,8.3-.9-4.6,6.1-5.3,4.2-1.2-.4.5.4,1.2.8.7,2-2.3-.9-5.2-3.4-4.2-3.6,1.3-3.4,6.8-.2,8.5-3.4,1.3-5.9,5.1-4.4,8.4.8,1.6,3,2.5,4.5,1.4,1.7-1,1.6-4.1-.6-4.2-.9-.2-2.4,1.5-1.2,2,.6,0,.5-.6.8-.8h0c2-.7,1.3,2.7-.5,2.5-5.1-1.3-1.1-8.2,3-8.7,7.6,1.6,11.8-7.6,5.7-12.7,0,0,5.2,0,5.2,0v2.1h0c0,.4.4.6.8.4,0,0,4.4-2.6,4.4-2.6.2,0,.4-.5.2-.7ZM3.8,23.5c-.8.9-2.2-.5-1.3-1.3.8-.9,2.2.5,1.3,1.3ZM18.3,24.5v-3.4l2.9,1.7-2.9,1.7Z\"><\/path><\/g><\/g><\/svg>\t\t\t<\/div>\n\t\t<\/div>\n\t\t\t\t\t\t<\/div>\n\t\t\t\t<div class=\"elementor-element elementor-element-23e0587 elementor-widget elementor-widget-counter\" data-id=\"23e0587\" data-element_type=\"widget\" data-e-type=\"widget\" data-widget_type=\"counter.default\">\n\t\t\t\t\t\t\t<div class=\"elementor-counter\">\n\t\t\t<div class=\"elementor-counter-title\">Ventes<\/div>\t\t\t<div class=\"elementor-counter-number-wrapper\">\n\t\t\t\t<span class=\"elementor-counter-number-prefix\"><\/span>\n\t\t\t\t<span class=\"elementor-counter-number\" data-duration=\"1000\" data-to-value=\"6\" data-from-value=\"0\" data-delimiter=\",\">0<\/span>\n\t\t\t\t<span class=\"elementor-counter-number-suffix\">%<\/span>\n\t\t\t<\/div>\n\t\t<\/div>\n\t\t\t\t\t\t<\/div>\n\t\t\t\t<div class=\"elementor-element elementor-element-65b1626 elementor-widget elementor-widget-counter\" data-id=\"65b1626\" data-element_type=\"widget\" data-e-type=\"widget\" data-widget_type=\"counter.default\">\n\t\t\t\t\t\t\t<div class=\"elementor-counter\">\n\t\t\t<div class=\"elementor-counter-title\">Location<\/div>\t\t\t<div class=\"elementor-counter-number-wrapper\">\n\t\t\t\t<span class=\"elementor-counter-number-prefix\"><\/span>\n\t\t\t\t<span class=\"elementor-counter-number\" data-duration=\"1000\" data-to-value=\"30\" data-from-value=\"0\" data-delimiter=\",\">0<\/span>\n\t\t\t\t<span class=\"elementor-counter-number-suffix\">%<\/span>\n\t\t\t<\/div>\n\t\t<\/div>\n\t\t\t\t\t\t<\/div>\n\t\t\t\t<div class=\"elementor-element elementor-element-035f204 elementor-widget elementor-widget-counter\" data-id=\"035f204\" data-element_type=\"widget\" data-e-type=\"widget\" data-widget_type=\"counter.default\">\n\t\t\t\t\t\t\t<div class=\"elementor-counter\">\n\t\t\t<div class=\"elementor-counter-title\">Chasse immobili\u00e8re<\/div>\t\t\t<div class=\"elementor-counter-number-wrapper\">\n\t\t\t\t<span class=\"elementor-counter-number-prefix\"><\/span>\n\t\t\t\t<span class=\"elementor-counter-number\" data-duration=\"1000\" data-to-value=\"6\" data-from-value=\"0\" data-delimiter=\",\">0<\/span>\n\t\t\t\t<span class=\"elementor-counter-number-suffix\">%<\/span>\n\t\t\t<\/div>\n\t\t<\/div>\n\t\t\t\t\t\t<\/div>\n\t\t\t\t<\/div>\n\t\t\t\t<\/div>\n\t\t\t\t<\/div>\n\t\t","protected":false},"excerpt":{"rendered":"<p>Nos honoraires Carte professionnelle n\u00b0\u202fCPI 0000 0000 000 000 000d\u00e9livr\u00e9e par la CCI de Nice C\u00f4te d\u2019Azur Ventes 0 % Location 0 % Chasse immobili\u00e8re 0 %<\/p>\n","protected":false},"author":2,"featured_media":1998,"parent":0,"menu_order":0,"comment_status":"closed","ping_status":"closed","template":"elementor_header_footer","meta":{"footnotes":""},"class_list":["post-1983","page","type-page","status-publish","has-post-thumbnail","hentry"],"_links":{"self":[{"href":"https:\/\/staging.mvivendi.com\/fr\/wp-json\/wp\/v2\/pages\/1983","targetHints":{"allow":["GET"]}}],"collection":[{"href":"https:\/\/staging.mvivendi.com\/fr\/wp-json\/wp\/v2\/pages"}],"about":[{"href":"https:\/\/staging.mvivendi.com\/fr\/wp-json\/wp\/v2\/types\/page"}],"author":[{"embeddable":true,"href":"https:\/\/staging.mvivendi.com\/fr\/wp-json\/wp\/v2\/users\/2"}],"replies":[{"embeddable":true,"href":"https:\/\/staging.mvivendi.com\/fr\/wp-json\/wp\/v2\/comments?post=1983"}],"version-history":[{"count":34,"href":"https:\/\/staging.mvivendi.com\/fr\/wp-json\/wp\/v2\/pages\/1983\/revisions"}],"predecessor-version":[{"id":2099,"href":"https:\/\/staging.mvivendi.com\/fr\/wp-json\/wp\/v2\/pages\/1983\/revisions\/2099"}],"wp:featuredmedia":[{"embeddable":true,"href":"https:\/\/staging.mvivendi.com\/fr\/wp-json\/wp\/v2\/media\/1998"}],"wp:attachment":[{"href":"https:\/\/staging.mvivendi.com\/fr\/wp-json\/wp\/v2\/media?parent=1983"}],"curies":[{"name":"wp","href":"https:\/\/api.w.org\/{rel}","templated":true}]}}